{"id":2475,"date":"2025-04-23T22:15:35","date_gmt":"2025-04-23T20:15:35","guid":{"rendered":"https:\/\/www.dronyx.cz\/?page_id=2475"},"modified":"2026-03-04T09:25:59","modified_gmt":"2026-03-04T08:25:59","slug":"organizacni-informace","status":"publish","type":"page","link":"https:\/\/www.dronyx.cz\/english\/organizacni-informace\/","title":{"rendered":"Useful Information"},"content":{"rendered":"<h3>Tickets for the DRONYX conference<\/h3>\n<p>The DRONYX conference is a private event held concurrently with the AMPER trade fair at the Brno Exhibition Center. Admission to the conference is charged in addition to the admission fee for the trade fair itself.<\/p>\n<p>K dispozici jsou dva typy vstupenek:<\/p>\n<ul>\n<li>Vstupenka pro 1 osobu za 4 950 K\u010d (se slevou 50 % p\u0159i registraci do 3. 3. 2026, n\u00e1sledn\u011b za 9 900 K\u010d)<\/li>\n<li>Vstupenka pro 2 osoby za 9 900 K\u010d (se slevou 50 % p\u0159i registraci do 3. 3. 2026, n\u00e1sledn\u011b za 19 800 K\u010d)<\/li>\n<\/ul>\n<p>All prices are listed without 21% VAT. Rounded percentage discounts are derived from the base ticket price.<\/p>\n<p><strong>Please note that ticket sales will be stopped once the hall capacity is reached.<\/strong><\/p>\n<p>The ticket includes access to the DRONYX conference on Wednesday, March 18, 2026, admission to AMPER, and in the case of a sponsor ticket, the following company promotion:<\/p>\n<ul>\n<li>listing of the company as a sponsor of the meeting on the conference website and in its promotional materials,<\/li>\n<li>a slide with a presentation of the company projected in rotation among other sponsors during the break program,<\/li>\n<li>publication of the logo on the conference website,<\/li>\n<li>a presentation table and space for a roll-up in the conference foyer.<\/li>\n<\/ul>\n<p>Tickets for the conference can be purchased via this website by creating an order, based on which you can either make an immediate payment by bank transfer or pay on the basis of a pro forma invoice, which will be sent to your email address upon completion of the order. You will automatically receive a tax document (invoice) as soon as the payment is credited to our account. If you have any problems with payment processing or the payment deadline, <a href=\"https:\/\/www.defenceo.cz\/organizacni-informace#kontakt\">contact us<\/a>.<\/p>\n<h3>AMPER tickets<\/h3>\n<p>DRONYX conference participants will receive a code from the organizer to generate a free ticket to the AMPER trade fair, which is required to access the exhibition grounds where the conference is held.<\/p>\n<p>This free ticket can only be used by a person registered for the conference on the day of the conference.<\/p>\n<p>Tickets for the trade fair for other days or for your colleagues who are not attending the conference can be obtained at <a href=\"https:\/\/www.bvv.cz\">www.bvv.cz<\/a>.<\/p>\n<h3>Date and venue<\/h3>\n<p>Konference bude prob\u00edhat ve st\u0159edu 18. 3. 2026 od 9:00 do 17:30 v kongresov\u00e9m s\u00e1lu P1 v pavilonu P.<\/p>\n<p>A map of the exhibition grounds and current information on parking options can be found <a href=\"https:\/\/www.bvv.cz\/amper\/pro-navstevniky\">on the exhibition grounds website<\/a>.<\/p>\n<h3 id=\"kontakt\">Contact<\/h3>\n<p>Ing. Jan Homola, tel. +420 724 659 048, e-mail: jan.homola@novamedia.cz<\/p>\n<h3>Terms<\/h3>\n<p>The general terms and conditions applicable to this conference can be found <a href=\"http:\/\/www.dronyx.cz\/english\/vop\/\">here<\/a>.<\/p>","protected":false},"excerpt":{"rendered":"<p>Vstupenky na konferenci DRONYX Konference DRONYX je soukrom\u00e1 ud\u00e1lost po\u0159\u00e1dan\u00e1 soub\u011b\u017en\u011b s veletrhem AMPER na brn\u011bnsk\u00e9m v\u00fdstavi\u0161ti. Vstup na konferenci je zpoplatn\u011bn nad r\u00e1mec vstupn\u00e9ho na samotn\u00fd veletrh. K dispozici jsou dva typy vstupenek: Vstupenka pro 1 osobu za 4 950 K\u010d (se slevou 50 % p\u0159i registraci do 3. 3. 2026, n\u00e1sledn\u011b za 9 [&hellip;]<\/p>\n","protected":false},"author":2,"featured_media":0,"parent":0,"menu_order":0,"comment_status":"closed","ping_status":"closed","template":"","meta":{"footnotes":""},"class_list":["post-2475","page","type-page","status-publish","hentry"],"_links":{"self":[{"href":"https:\/\/www.dronyx.cz\/english\/wp-json\/wp\/v2\/pages\/2475","targetHints":{"allow":["GET"]}}],"collection":[{"href":"https:\/\/www.dronyx.cz\/english\/wp-json\/wp\/v2\/pages"}],"about":[{"href":"https:\/\/www.dronyx.cz\/english\/wp-json\/wp\/v2\/types\/page"}],"author":[{"embeddable":true,"href":"https:\/\/www.dronyx.cz\/english\/wp-json\/wp\/v2\/users\/2"}],"replies":[{"embeddable":true,"href":"https:\/\/www.dronyx.cz\/english\/wp-json\/wp\/v2\/comments?post=2475"}],"version-history":[{"count":15,"href":"https:\/\/www.dronyx.cz\/english\/wp-json\/wp\/v2\/pages\/2475\/revisions"}],"predecessor-version":[{"id":3117,"href":"https:\/\/www.dronyx.cz\/english\/wp-json\/wp\/v2\/pages\/2475\/revisions\/3117"}],"wp:attachment":[{"href":"https:\/\/www.dronyx.cz\/english\/wp-json\/wp\/v2\/media?parent=2475"}],"curies":[{"name":"wp","href":"https:\/\/api.w.org\/{rel}","templated":true}]}}